{"id":2,"date":"2016-05-10T03:48:21","date_gmt":"2016-05-10T03:48:21","guid":{"rendered":"http:\/\/wp452m.a10-52-158-154.qa.plesk.ru\/wordpress\/?page_id=2"},"modified":"2026-04-10T06:35:41","modified_gmt":"2026-04-10T06:35:41","slug":"sample-page","status":"publish","type":"page","link":"https:\/\/fredsposten.fi\/fredsp\/","title":{"rendered":"Fredsposten"},"content":{"rendered":"<div class=\"coverbilder\">\n<p><img loading=\"lazy\" decoding=\"async\" class=\"alignnone wp-image-38 size-medium\" src=\"https:\/\/fredsposten.fi\/fredsp\/wp-content\/uploads\/2026\/04\/FP126.jpeg\" width=\"210\" height=\"300\" \/><img loading=\"lazy\" decoding=\"async\" class=\"alignnone size-medium wp-image-55\" src=\"https:\/\/fredsposten.fi\/fredsp\/wp-content\/uploads\/2026\/04\/FP425.jpeg\" alt=\"\" width=\"210\" height=\"300\" \/><img loading=\"lazy\" decoding=\"async\" class=\"alignnone wp-image-35 size-medium\" src=\"https:\/\/fredsposten.fi\/fredsp\/wp-content\/uploads\/2025\/11\/FP325.png\" width=\"210\" height=\"300\" \/><\/p>\n<\/div>\n<div class=\"entry-text\"><em>Fredsposten<\/em> grundades av prosten Edvin Stenwall i nov\/dec 1926 och ges numera ut av Garantif\u00f6reningen f\u00f6r Finlands Fredsf\u00f6rbund rf, Suomen Rauhanliiton kannatusyhdistys ry. <em>Fredsposten<\/em> \u00e4r milj\u00f6m\u00e4rkt med Svanen. President Tarja Halonen uts\u00e5g <em>Fredsposten<\/em> till <strong>\u00c5rets kulturtidskrift 2022<\/strong>. <em>Fredsposten<\/em> nominerades till \u00c5rets nordiska kulturtidskrift 2023.<\/div>\n<h2 class=\"entry-text\">\u00a0<\/h2>\n<hr \/>\n\n\n<p><\/p>\n","protected":false},"excerpt":{"rendered":"<p>Fredsposten grundades av prosten Edvin Stenwall i nov\/dec 1926 och ges numera ut av Garantif\u00f6reningen f\u00f6r Finlands Fredsf\u00f6rbund rf, Suomen Rauhanliiton kannatusyhdistys ry. Fredsposten \u00e4r milj\u00f6m\u00e4rkt med Svanen. President Tarja Halonen uts\u00e5g Fredsposten till \u00c5rets kulturtidskrift 2022. Fredsposten nominerades till \u00c5rets nordiska kulturtidskrift 2023. \u00a0<\/p>\n","protected":false},"author":1,"featured_media":0,"parent":0,"menu_order":0,"comment_status":"closed","ping_status":"open","template":"","meta":{"jetpack_post_was_ever_published":false,"footnotes":""},"class_list":["post-2","page","type-page","status-publish","hentry"],"jetpack_sharing_enabled":true,"jetpack_shortlink":"https:\/\/wp.me\/P7LNQ0-2","_links":{"self":[{"href":"https:\/\/fredsposten.fi\/fredsp\/index.php?rest_route=\/wp\/v2\/pages\/2","targetHints":{"allow":["GET"]}}],"collection":[{"href":"https:\/\/fredsposten.fi\/fredsp\/index.php?rest_route=\/wp\/v2\/pages"}],"about":[{"href":"https:\/\/fredsposten.fi\/fredsp\/index.php?rest_route=\/wp\/v2\/types\/page"}],"author":[{"embeddable":true,"href":"https:\/\/fredsposten.fi\/fredsp\/index.php?rest_route=\/wp\/v2\/users\/1"}],"replies":[{"embeddable":true,"href":"https:\/\/fredsposten.fi\/fredsp\/index.php?rest_route=%2Fwp%2Fv2%2Fcomments&post=2"}],"version-history":[{"count":80,"href":"https:\/\/fredsposten.fi\/fredsp\/index.php?rest_route=\/wp\/v2\/pages\/2\/revisions"}],"predecessor-version":[{"id":481,"href":"https:\/\/fredsposten.fi\/fredsp\/index.php?rest_route=\/wp\/v2\/pages\/2\/revisions\/481"}],"wp:attachment":[{"href":"https:\/\/fredsposten.fi\/fredsp\/index.php?rest_route=%2Fwp%2Fv2%2Fmedia&parent=2"}],"curies":[{"name":"wp","href":"https:\/\/api.w.org\/{rel}","templated":true}]}}