{"id":84,"date":"2017-10-21T15:56:02","date_gmt":"2017-10-21T15:56:02","guid":{"rendered":"http:\/\/fredsposten.fi\/fredsp\/?page_id=84"},"modified":"2023-06-09T06:56:07","modified_gmt":"2023-06-09T06:56:07","slug":"anvisningar","status":"publish","type":"page","link":"https:\/\/fredsposten.fi\/fredsp\/?page_id=84","title":{"rendered":"Anvisningar till skribenter"},"content":{"rendered":"<ul>\n<li><strong>&#8211; Doc eller docx<\/strong> (Word)<\/li>\n<li>&#8211; OBS! Vi tar <strong>inte<\/strong> emot textmaterial i dot-format<\/li>\n<li>&#8211; Font <strong>Arial<\/strong><\/li>\n<li>&#8211; Fontstorlek <strong>14 p<\/strong><\/li>\n<li><strong>&#8211; Radavst\u00e5nd 1<\/strong><\/li>\n<li>&#8211; S\u00e4tt ut <strong>mellanrubriker<\/strong> ifall texten \u00e4r l\u00e5ng.<\/li>\n<li>&#8211; Beroende p\u00e5 layouten lyfter vi ibland upp ett <strong>citat<\/strong> ur texten. Ifall du har ett favoritcitat ur din text f\u00e5r du g\u00e4rna f\u00f6resl\u00e5 det.<\/li>\n<li>&#8211; Illustrationer b\u00f6r helst vara i <strong>tiff<\/strong> och med minst<strong> 300 dpi<\/strong> i original f\u00f6r optimalt resultat vid tryckning. Andra format och l\u00e4gre uppl\u00f6sning g\u00e5r ocks\u00e5 att anv\u00e4nda \u00e4ven om de inte \u00e4r optimala.<\/li>\n<li>&#8211; OBS! Infoga inte n\u00e5gra bilder i textdokumentet! Alla illustrationer b\u00f6r skickas som <strong>egna bildfiler<\/strong>.<\/li>\n<li>&#8211; Skriv f\u00e4rdiga <strong>bildtexter<\/strong> och bifoga dem i slutet av textdokumentet. (Kom ih\u00e5g att h\u00e4nvisa till respektive bildfilnamn.)<\/li>\n<li>&#8211; <strong>Uppge fotografen<\/strong> eller upphovsr\u00e4ttsinnehavaren i bildtexten. Om det inte \u00e4r din egen bild beh\u00f6ver vi <strong>tillst\u00e5nd f\u00f6r publiceringen<\/strong>.<\/li>\n<li>&#8211; Skriv ditt namn och en <strong>presentation<\/strong> av dig sj\u00e4lv i slutet av artikeln<\/li>\n<li>&#8211; Meddela din <strong>adress<\/strong> f\u00f6r friexemplar av numret<\/li>\n<\/ul>\n","protected":false},"excerpt":{"rendered":"<p>&#8211; Doc eller docx (Word) &#8211; OBS! Vi tar inte emot textmaterial i dot-format &#8211; Font Arial &#8211; Fontstorlek 14 p &#8211; Radavst\u00e5nd 1 &#8211; S\u00e4tt ut mellanrubriker ifall texten \u00e4r l\u00e5ng. &#8211; Beroende p\u00e5 layouten lyfter vi ibland upp ett citat ur texten. Ifall du har ett favoritcitat ur din text f\u00e5r du g\u00e4rna [&hellip;]<\/p>\n","protected":false},"author":1,"featured_media":0,"parent":0,"menu_order":0,"comment_status":"closed","ping_status":"closed","template":"","meta":{"jetpack_post_was_ever_published":false,"footnotes":""},"class_list":["post-84","page","type-page","status-publish","hentry"],"jetpack_sharing_enabled":true,"jetpack_shortlink":"https:\/\/wp.me\/P7LNQ0-1m","_links":{"self":[{"href":"https:\/\/fredsposten.fi\/fredsp\/index.php?rest_route=\/wp\/v2\/pages\/84","targetHints":{"allow":["GET"]}}],"collection":[{"href":"https:\/\/fredsposten.fi\/fredsp\/index.php?rest_route=\/wp\/v2\/pages"}],"about":[{"href":"https:\/\/fredsposten.fi\/fredsp\/index.php?rest_route=\/wp\/v2\/types\/page"}],"author":[{"embeddable":true,"href":"https:\/\/fredsposten.fi\/fredsp\/index.php?rest_route=\/wp\/v2\/users\/1"}],"replies":[{"embeddable":true,"href":"https:\/\/fredsposten.fi\/fredsp\/index.php?rest_route=%2Fwp%2Fv2%2Fcomments&post=84"}],"version-history":[{"count":15,"href":"https:\/\/fredsposten.fi\/fredsp\/index.php?rest_route=\/wp\/v2\/pages\/84\/revisions"}],"predecessor-version":[{"id":398,"href":"https:\/\/fredsposten.fi\/fredsp\/index.php?rest_route=\/wp\/v2\/pages\/84\/revisions\/398"}],"wp:attachment":[{"href":"https:\/\/fredsposten.fi\/fredsp\/index.php?rest_route=%2Fwp%2Fv2%2Fmedia&parent=84"}],"curies":[{"name":"wp","href":"https:\/\/api.w.org\/{rel}","templated":true}]}}